{"id":3300,"date":"2023-02-17T12:32:08","date_gmt":"2023-02-17T10:32:08","guid":{"rendered":"https:\/\/fspirits.com\/?post_type=product&#038;p=3300"},"modified":"2023-05-22T12:55:47","modified_gmt":"2023-05-22T09:55:47","slug":"pegasus-web-app-freelancer","status":"publish","type":"product","link":"https:\/\/fspirits.com\/fr\/product\/pegasus-web-app-freelancer\/","title":{"rendered":"Pegasus Web App Freelancer"},"content":{"rendered":"<p>L'application Web Pegasus Freelancer est la solution id\u00e9ale pour les entreprises et les freelances qui ne font que fournir des services. L'application est accessible aux utilisateurs via un navigateur web et se situe \u00e0 l'oppos\u00e9 des syst\u00e8mes informatiques traditionnels sur site car elle offre une libert\u00e9 totale d'acc\u00e8s aux donn\u00e9es tout en \u00e9liminant tous les inconv\u00e9nients qui p\u00e8sent sur les ERP traditionnels sur site. La tendance \u00e9mergente sur le march\u00e9 des applications informatiques indique la n\u00e9cessit\u00e9 pour l'entreprise moderne d'\u00e9viter tout type de limitation (en termes de ressources humaines, de co\u00fbts et de pr\u00e9sence physique) et de passer \u00e0 des solutions flexibles qui favorisent le libre acc\u00e8s aux donn\u00e9es via n'importe quel appareil, \u00e0 tout moment et \u00e0 des co\u00fbts comparativement moins \u00e9lev\u00e9s.<\/p>\n<p>\u00c0 qui s'adresse-t-il ?<\/p>\n<p>L'application Web Pegasus Frelancer s'adresse \u00e0 toutes les entreprises et \u00e0 tous les ind\u00e9pendants dont le seul objectif est de fournir des services et qui souhaitent entrer dans la nouvelle \u00e8re des applications Internet (Web), en \u00e9tablissant de nouvelles normes dans l'organisation de leurs op\u00e9rations quotidiennes. La vitesse, la flexibilit\u00e9 et la fiabilit\u00e9 combin\u00e9es \u00e0 la dynamique de TESAE dans la production et le support de logiciels depuis plus de 36 ans, garantissent l'augmentation de la productivit\u00e9 et l'am\u00e9lioration du flux des op\u00e9rations quotidiennes.<\/p>\n<p>Adress\u00e9 \u00e0 titre indicatif \u00e0<\/p>\n<p>Avocats<br \/>\nM\u00e9decins<br \/>\nIng\u00e9nieurs<br \/>\nM\u00e9decins Ing\u00e9nieurs M\u00e9decins M\u00e9decins Ing\u00e9nieurs M\u00e9decins<br \/>\nGymnastes \/ Entra\u00eeneurs personnels<\/p>\n<p>etc.<\/p>\n<p><strong>Avantages concurrentiels :<\/strong><\/p>\n<p>#myDATA_ready solution, harmonis\u00e9e avec la directive de l'AADE pour la transmission en ligne de documents en temps r\u00e9el<br \/>\nMises \u00e0 jour en ligne afin d'\u00eatre constamment actualis\u00e9es et harmonis\u00e9es avec les exigences fiscales ou op\u00e9rationnelles de la r\u00e9alit\u00e9 moderne.<br \/>\nNous vous offrons l'avenir, nous investissons dans des outils modernes avec des fonctionnalit\u00e9s innovantes - Pas de restrictions sur les utilisateurs \/ lieux de travail - Au prix le plus bas du march\u00e9<br \/>\nD\u00e9marrage imm\u00e9diat, sans proc\u00e9dures d'installation fastidieuses - Possibilit\u00e9 d'utilisation via un navigateur dans n'importe quel environnement d'exploitation, par exemple linux, mac, windows - Co\u00fbt d'investissement initial r\u00e9duit (TCO - Total Cost of Ownership) car il ne n\u00e9cessite pas de mat\u00e9riel informatique et ne requiert pas de mise \u00e0 niveau continue de votre \u00e9quipement.<br \/>\nFaible co\u00fbt de maintenance qui garantit le fonctionnement harmonieux et ininterrompu de l'application et la s\u00e9curit\u00e9 de vos donn\u00e9es. <a  class=\"btl_autolink_hyperlink\"  href=\"https:\/\/fspirits.com\/go\/fspirits-hosting\/\"    target=\"_blank\">H\u00e9bergement<\/a> dans des centres de donn\u00e9es exclusifs pour votre protection et un service imm\u00e9diat.<br \/>\nUtilisation flexible - Familiarisation rapide des utilisateurs d\u00e8s les 10 premi\u00e8res minutes de formation - Ex\u00e9cution instantan\u00e9e de toutes les fonctions de l'entreprise en quelques clics pour un flux de travail fluide - Environnement bilingue<br \/>\nAcc\u00e8s au navigateur Web 24\/7\/365 via PC-Tablette-Mobile pour garder vos donn\u00e9es \u00e0 port\u00e9e de main. La communication directe avec les clients et les associ\u00e9s (fournisseurs\/vendeurs) devient possible et efficace.<br \/>\nWeb CRM : appels entrants, prise de rendez-vous avec des clients potentiels, etc. -Suivi des fournisseurs - Historique des contacts avec les clients potentiels.<br \/>\nGestion commerciale int\u00e9gr\u00e9e via l'application web Pegasus Freelancer pour la supervision de la comptabilit\u00e9 et l'image financi\u00e8re de l'entreprise (Clients \/ Fournisseurs - Ventes \/ Achats - Entrep\u00f4t - Planification des encaissements \/ paiements - D\u00e9penses - Statistiques \/ Rapports, etc.)<br \/>\nConfiguration pas \u00e0 pas : Cr\u00e9ez votre propre application web Pegasus Freelancer en fonction du d\u00e9veloppement de votre activit\u00e9 en ajoutant des modules. Construisez votre syst\u00e8me informatique en fonction des besoins qui se pr\u00e9sentent en toute s\u00e9curit\u00e9, sans affecter les personnalisations que vous avez d\u00e9j\u00e0 effectu\u00e9es.<br \/>\nExcellente interface avec Excel pour l'importation\/exportation de fichiers tels que l'importation de donn\u00e9es \u00e0 partir d'autres applications ou l'importation de fichiers de factures de fournisseurs\/exportation d'imprim\u00e9s tels que des tableaux financiers - Connexion \u00e0 une imprimante pdf pour cr\u00e9er une facture \u00e9lectronique<br \/>\nMise \u00e0 jour automatique de la carte client\/fournisseur \u00e0 partir du num\u00e9ro de TVA en ligne avec le SIG - Communication avec tous les programmes de comptabilit\u00e9<br \/>\nPAS de frais cach\u00e9s - restriction sur les utilisateurs et les donn\u00e9es<\/p>","protected":false},"excerpt":{"rendered":"<p>L'application Web Pegasus Freelancer est la solution id\u00e9ale pour les entreprises et les freelances qui ne font que fournir des services. L'application est accessible aux utilisateurs via un navigateur web et se situe \u00e0 l'oppos\u00e9 des syst\u00e8mes informatiques traditionnels sur site car elle offre une libert\u00e9 totale d'acc\u00e8s aux donn\u00e9es tout en \u00e9liminant tous les inconv\u00e9nients qui p\u00e8sent sur les ERP traditionnels sur site. La tendance \u00e9mergente sur le march\u00e9 des applications informatiques indique la n\u00e9cessit\u00e9 pour l'entreprise moderne d'\u00e9viter tout type de limitation (en termes de ressources humaines, de co\u00fbts et de pr\u00e9sence physique) et de passer \u00e0 des solutions flexibles qui favorisent le libre acc\u00e8s aux donn\u00e9es via n'importe quel appareil, \u00e0 tout moment et \u00e0 des co\u00fbts comparativement moins \u00e9lev\u00e9s.<\/p>","protected":false},"featured_media":3796,"template":"","meta":[],"product_brand":[],"product_cat":[49],"product_tag":[460,461,465,462,459,464,463,468,467,466],"class_list":{"0":"post-3300","1":"product","2":"type-product","3":"status-publish","4":"has-post-thumbnail","6":"product_cat-webservices","7":"product_tag-freelance-web-app","8":"product_tag-pegasus-web-app","9":"product_tag-web-app-coding","10":"product_tag-web-app-design","11":"product_tag-web-app-development","12":"product_tag-web-app-freelancer","13":"product_tag-web-app-programming","14":"product_tag-web-app-projects","15":"product_tag-web-app-services","16":"product_tag-web-app-solutions","18":"first","19":"instock","20":"sale","21":"virtual","22":"purchasable","23":"product-type-subscription"},"_links":{"self":[{"href":"https:\/\/fspirits.com\/fr\/wp-json\/wp\/v2\/product\/3300","targetHints":{"allow":["GET"]}}],"collection":[{"href":"https:\/\/fspirits.com\/fr\/wp-json\/wp\/v2\/product"}],"about":[{"href":"https:\/\/fspirits.com\/fr\/wp-json\/wp\/v2\/types\/product"}],"version-history":[{"count":0,"href":"https:\/\/fspirits.com\/fr\/wp-json\/wp\/v2\/product\/3300\/revisions"}],"wp:featuredmedia":[{"embeddable":true,"href":"https:\/\/fspirits.com\/fr\/wp-json\/wp\/v2\/media\/3796"}],"wp:attachment":[{"href":"https:\/\/fspirits.com\/fr\/wp-json\/wp\/v2\/media?parent=3300"}],"wp:term":[{"taxonomy":"product_brand","embeddable":true,"href":"https:\/\/fspirits.com\/fr\/wp-json\/wp\/v2\/product_brand?post=3300"},{"taxonomy":"product_cat","embeddable":true,"href":"https:\/\/fspirits.com\/fr\/wp-json\/wp\/v2\/product_cat?post=3300"},{"taxonomy":"product_tag","embeddable":true,"href":"https:\/\/fspirits.com\/fr\/wp-json\/wp\/v2\/product_tag?post=3300"}],"curies":[{"name":"wp","href":"https:\/\/api.w.org\/{rel}","templated":true}]}}