{"id":3022,"date":"2023-01-19T16:44:20","date_gmt":"2023-01-19T14:44:20","guid":{"rendered":"https:\/\/fspirits.com\/?post_type=product&#038;p=3022"},"modified":"2023-05-22T19:20:41","modified_gmt":"2023-05-22T16:20:41","slug":"web-design-full-pack","status":"publish","type":"product","link":"https:\/\/fspirits.com\/fr\/product\/web-design-full-pack\/","title":{"rendered":"Web Design Full Pack"},"content":{"rendered":"<p>Le pack Web Design Full comprend toutes les t\u00e2ches suivantes. Bien entendu, vous b\u00e9n\u00e9ficiez, sans frais suppl\u00e9mentaires, d'une assistance r\u00e9elle, de mises \u00e0 jour des contenus d'apprentissage et de notre aide permanente pour tirer le meilleur parti de votre formule.<\/p>\n<p>Analyse compl\u00e8te et compr\u00e9hension de l'objectif que vous souhaitez atteindre.<\/p>\n<p>Assistance pour trouver le bon nom de domaine si vous n'en avez pas encore enregistr\u00e9 un.<\/p>\n<p>Compilation de mat\u00e9riaux, de textes et de photos.<\/p>\n<p>Pr\u00e9paration du site <a  class=\"btl_autolink_hyperlink\"  href=\"https:\/\/fspirits.com\/go\/fspirits-hosting\/\"    target=\"_blank\">l'h\u00e9bergement<\/a> et le pr\u00e9traitement pour une performance et une rapidit\u00e9 maximales.<\/p>\n<p>Une fois que toutes les informations ci-dessus sont pr\u00eates, la conception de votre page est r\u00e9alis\u00e9e, qui est \u00e9galement test\u00e9e sur les appareils mobiles et en particulier sur les t\u00e9l\u00e9phones mobiles.<\/p>\n<p>Pr\u00e9paration de tous les menus n\u00e9cessaires et conception du logo.<\/p>\n<p>Compl\u00e9ter toutes les cat\u00e9gories et sous-cat\u00e9gories dont vous avez besoin et rendre les textes et les photos de la mani\u00e8re la plus impressionnante et la plus originale.<\/p>\n<p>Page de contact avec un formulaire automatis\u00e9 mais toujours visible de vos coordonn\u00e9es ainsi qu'une vue cartographique sp\u00e9cifiant votre localisation g\u00e9ographique.<\/p>\n<p>Ajoutez votre paquet ainsi que votre base de donn\u00e9es aux sauvegardes quotidiennes automatis\u00e9es.<\/p>\n<p>Apprendre \u00e0 ajouter du texte et des photos si vous souhaitez utiliser votre page comme un blog.<\/p>\n<p>Cr\u00e9ation et envoi de donn\u00e9es de gestion FTP.<\/p>\n<p>Cr\u00e9ation et envoi d'\u00e9l\u00e9ments de gestion de CMS (Joomla, WordPress, Drupal, etc.).<\/p>\n<p>Assistance technique compl\u00e8te pendant un an.<\/p>\n<p>Acc\u00e8s \u00e0 tous les guides d'administration et \u00e0 la formation en ligne Freespirits.<\/p>\n<p>Cr\u00e9ation s'il n'y a pas de page Facebook et lien vers votre page. Si vous le souhaitez, il est \u00e9galement possible de publier automatiquement des articles, ce qui g\u00e9n\u00e8re un trafic suppl\u00e9mentaire vers votre page.<\/p>\n<p>Configuration et optimisation SEO avec cr\u00e9ation de sitemaps.<\/p>\n<p>Enregistrement du site web dans Google Analytics, Google Business et Google Maps.<\/p>\n<p>Fonctionnalit\u00e9 de boutique en ligne int\u00e9gr\u00e9e et compl\u00e8te<\/p>\n<p>Possibilit\u00e9 de mettre \u00e0 jour les produits \u00e0 partir du panneau de gestion<\/p>\n<p>Possibilit\u00e9 de mettre \u00e0 jour les produits \u00e0 l'aide d'un fichier csv\/xml<\/p>","protected":false},"excerpt":{"rendered":"<p>Le service Web Design Full Pack comprend la conception d'un e-shop (e-commerce) ou d'un e-catalogue dynamique, adapt\u00e9 \u00e0 vos besoins sp\u00e9cifiques et aux caract\u00e9ristiques de vos produits ou services \u00e0 vendre. Chaque boutique en ligne que nous cr\u00e9ons est : esth\u00e9tiquement attrayante, fonctionnelle et facile \u00e0 utiliser pour le visiteur et l'administrateur. Enti\u00e8rement r\u00e9actif, il est adaptable \u00e0 l'utilisation sur les t\u00e9l\u00e9phones mobiles ou les tablettes. Facilement mis \u00e0 jour avec un fichier csv ou xml et avec une configuration SEO compl\u00e8te pour des r\u00e9sultats imm\u00e9diats. Bien s\u00fbr, avec chaque pack, sans frais suppl\u00e9mentaires, vous b\u00e9n\u00e9ficiez d'une assistance r\u00e9elle, d'une mise \u00e0 jour du contenu d'apprentissage et de notre aide permanente pour tirer le meilleur parti de votre pack.<\/p>\n<p>La conception de la boutique en ligne est enti\u00e8rement personnalis\u00e9e en fonction des besoins et des exigences de votre entreprise. L'identit\u00e9 de l'entreprise, le style esth\u00e9tique et les objectifs de votre boutique en ligne sont pris en compte. La conception est attrayante, fonctionnelle et conviviale, offrant une exp\u00e9rience d'achat agr\u00e9able \u00e0 vos clients. En outre, le service Web Design Full Pack comprend l'installation et la programmation de toutes les extensions et fonctions n\u00e9cessaires pour une boutique en ligne dynamique.<\/p>","protected":false},"featured_media":3723,"template":"","meta":[],"product_brand":[],"product_cat":[50],"product_tag":[482,483,481,488,484,485,489,369,480,479],"class_list":{"0":"post-3022","1":"product","2":"type-product","3":"status-publish","4":"has-post-thumbnail","6":"product_cat-web-design","7":"product_tag-css","8":"product_tag-graphic-design","9":"product_tag-html","10":"product_tag-javascript","11":"product_tag-logo-design","12":"product_tag-responsive-design","13":"product_tag-user-interface-design","14":"product_tag-web-design","15":"product_tag-web-development","16":"product_tag-website-design","18":"first","19":"instock","20":"sale","21":"virtual","22":"purchasable","23":"product-type-simple"},"_links":{"self":[{"href":"https:\/\/fspirits.com\/fr\/wp-json\/wp\/v2\/product\/3022","targetHints":{"allow":["GET"]}}],"collection":[{"href":"https:\/\/fspirits.com\/fr\/wp-json\/wp\/v2\/product"}],"about":[{"href":"https:\/\/fspirits.com\/fr\/wp-json\/wp\/v2\/types\/product"}],"version-history":[{"count":0,"href":"https:\/\/fspirits.com\/fr\/wp-json\/wp\/v2\/product\/3022\/revisions"}],"wp:featuredmedia":[{"embeddable":true,"href":"https:\/\/fspirits.com\/fr\/wp-json\/wp\/v2\/media\/3723"}],"wp:attachment":[{"href":"https:\/\/fspirits.com\/fr\/wp-json\/wp\/v2\/media?parent=3022"}],"wp:term":[{"taxonomy":"product_brand","embeddable":true,"href":"https:\/\/fspirits.com\/fr\/wp-json\/wp\/v2\/product_brand?post=3022"},{"taxonomy":"product_cat","embeddable":true,"href":"https:\/\/fspirits.com\/fr\/wp-json\/wp\/v2\/product_cat?post=3022"},{"taxonomy":"product_tag","embeddable":true,"href":"https:\/\/fspirits.com\/fr\/wp-json\/wp\/v2\/product_tag?post=3022"}],"curies":[{"name":"wp","href":"https:\/\/api.w.org\/{rel}","templated":true}]}}