{"id":2537,"date":"2023-01-13T22:28:41","date_gmt":"2023-01-13T20:28:41","guid":{"rendered":"https:\/\/fspirits.com\/?post_type=product&#038;p=2537"},"modified":"2023-05-22T22:53:57","modified_gmt":"2023-05-22T19:53:57","slug":"hebergement-s","status":"publish","type":"product","link":"https:\/\/fspirits.com\/fr\/product\/web-hosting-s\/","title":{"rendered":"H\u00e9bergement Web S"},"content":{"rendered":"<p>Possibilit\u00e9s uniques et fonctionnalit\u00e9s remarquables avec le Web <a  class=\"btl_autolink_hyperlink\"  href=\"https:\/\/fspirits.com\/go\/fspirits-hosting\/\"    target=\"_blank\">H\u00e9bergement<\/a> S <a  class=\"btl_autolink_hyperlink\"  href=\"https:\/\/fspirits.com\/go\/fspirits-hosting\/\"    target=\"_blank\">l'h\u00e9bergement<\/a> l'emballage.<\/p>\n<p>- Transfert gratuit des fichiers et de la base de donn\u00e9es de votre site existant vers freespirits.<br \/>\n- Fonctionnalit\u00e9s pr\u00e9install\u00e9es (Apache, MySQL, PHP, Perl, CGI, Mailserver, Full root access).<br \/>\n- Panneau de gestion via CWP7 du programme CMS ou Eshop de votre choix.<br \/>\n- Espace libre pour la sauvegarde automatis\u00e9e de vos fichiers et la sauvegarde quotidienne de votre base de donn\u00e9es.<br \/>\n- 5GB (Web <a  class=\"btl_autolink_hyperlink\"  href=\"https:\/\/fspirits.com\/go\/fspirits-hosting\/\"    target=\"_blank\">H\u00e9bergement<\/a> S) imm\u00e9diatement disponibles pour vos fichiers et la possibilit\u00e9 de passer \u00e0 un forfait plus important \u00e0 votre demande.<br \/>\n- Assistance technique et consultative gratuite.<br \/>\n- Nous sommes proches de vous pour toute question ou probl\u00e8me qui pourrait survenir.<br \/>\n- Chez freespirits, votre succ\u00e8s est une r\u00e9compense pour nous.<br \/>\n- Capacit\u00e9 de sauvegarde et de restauration automatis\u00e9e.<br \/>\n- Surveillance et mise \u00e0 jour 24 heures sur 24 et 7 jours sur 7 par courrier \u00e9lectronique et SMS.<br \/>\n- Assistance gratuite 24 heures sur 24 et 7 jours sur 7 par le biais d'un syst\u00e8me de billetterie.<\/p>\n<hr \/>\n<p><strong>Sans frais suppl\u00e9mentaires<\/strong><br \/>\n- Transfert de votre site sur un serveur freespirits.<br \/>\n- Nous restaurons, s'il y en a une, une sauvegarde de votre ancienne base de donn\u00e9es.<br \/>\n- Tous vos courriels sont cr\u00e9\u00e9s sur le nouveau serveur.<br \/>\n- Transfert de chaque ancienne bo\u00eete aux lettres vers une nouvelle bo\u00eete aux lettres chez freespirits.<br \/>\n- Activer la fonction web-mail.<br \/>\n- Activez la protection anti-spam SPF et les listes de trous noirs DNS afin de vous d\u00e9barrasser des courriels g\u00eanants.<br \/>\n- Activez la surveillance de votre IP pour \u00e9viter d'\u00eatre mis sur liste noire par des tentatives d'injection de code ou de SQL.<br \/>\n- Activez le pare-feu et le mod-s\u00e9curit\u00e9 sur votre paquet pour vous prot\u00e9ger contre les attaques malveillantes.<br \/>\n- Installez et activez le certificat de s\u00e9curit\u00e9 SSL sur votre paquet pour crypter les donn\u00e9es de transaction.<br \/>\n- Ajoutez votre paquet aux sauvegardes quotidiennes automatis\u00e9es.<br \/>\n- Cr\u00e9er et envoyer des donn\u00e9es de gestion FTP.<br \/>\n- Cr\u00e9er et envoyer des donn\u00e9es de gestion de CMS (Joomla, WordPress, Drupal, etc.).<br \/>\n- Une assistance technique compl\u00e8te pendant toute la dur\u00e9e de votre service.<br \/>\n- Acc\u00e8s \u00e0 tous les guides de gestion et \u00e0 la formation en ligne sur les freespirits.<\/p>","protected":false},"excerpt":{"rendered":"<p>Obtenir le Web \u00e9conomique <a  class=\"btl_autolink_hyperlink\"  href=\"https:\/\/fspirits.com\/go\/fspirits-hosting\/\"    target=\"_blank\">H\u00e9bergement<\/a> S. un site web fiable, s\u00fbr et complet <a  class=\"btl_autolink_hyperlink\"  href=\"https:\/\/fspirits.com\/go\/fspirits-hosting\/\"    target=\"_blank\">H\u00e9bergement<\/a> pour tr\u00e8s peu d'argent. Performance garantie et performance sous des serveurs puissants qui peuvent vous offrir beaucoup de fonctionnalit\u00e9s. Avec chaque paquet, nous vous fournissons un acc\u00e8s instantan\u00e9 \u00e0 vos fichiers et une sauvegarde quotidienne de votre base de donn\u00e9es. Sans frais suppl\u00e9mentaires, nous transf\u00e9rons les fichiers et la base de donn\u00e9es d'un autre serveur. <a  class=\"btl_autolink_hyperlink\"  href=\"https:\/\/fspirits.com\/go\/fspirits-hosting\/\"    target=\"_blank\">l'h\u00e9bergement<\/a> provider or deliver you an installed system on Joomla, Wordpress, Drupal, ZenCart or any other Open Source CMS of your choice.In addition, we make sure to check your installation completely free of charge so that you benefit the most in terms of speed and security.We are proud of the support and the availability of our services that you will surely love.Don&#8217;t waste your time with <a  class=\"btl_autolink_hyperlink\"  href=\"https:\/\/fspirits.com\/go\/fspirits-hosting\/\"    target=\"_blank\">l'h\u00e9bergement<\/a> Venez chez freespirits pour faire d\u00e9coller votre e-shop ou votre page et le faire ressortir.<\/p>","protected":false},"featured_media":2538,"template":"","meta":[],"product_brand":[],"product_cat":[51],"product_tag":[498,551,550,555,504,552,554,553,491,493],"class_list":{"0":"post-2537","1":"product","2":"type-product","3":"status-publish","4":"has-post-thumbnail","6":"product_cat-web-hosting","7":"product_tag-cloud-hosting","8":"product_tag-dedicated-servers","9":"product_tag-domain-registration","10":"product_tag-email-hosting","11":"product_tag-managed-hosting","12":"product_tag-shared-hosting","13":"product_tag-ssl-certificates","14":"product_tag-vps-hosting","15":"product_tag-website-builder","16":"product_tag-website-hosting","18":"first","19":"instock","20":"sale","21":"virtual","22":"purchasable","23":"product-type-subscription"},"_links":{"self":[{"href":"https:\/\/fspirits.com\/fr\/wp-json\/wp\/v2\/product\/2537","targetHints":{"allow":["GET"]}}],"collection":[{"href":"https:\/\/fspirits.com\/fr\/wp-json\/wp\/v2\/product"}],"about":[{"href":"https:\/\/fspirits.com\/fr\/wp-json\/wp\/v2\/types\/product"}],"version-history":[{"count":0,"href":"https:\/\/fspirits.com\/fr\/wp-json\/wp\/v2\/product\/2537\/revisions"}],"wp:featuredmedia":[{"embeddable":true,"href":"https:\/\/fspirits.com\/fr\/wp-json\/wp\/v2\/media\/2538"}],"wp:attachment":[{"href":"https:\/\/fspirits.com\/fr\/wp-json\/wp\/v2\/media?parent=2537"}],"wp:term":[{"taxonomy":"product_brand","embeddable":true,"href":"https:\/\/fspirits.com\/fr\/wp-json\/wp\/v2\/product_brand?post=2537"},{"taxonomy":"product_cat","embeddable":true,"href":"https:\/\/fspirits.com\/fr\/wp-json\/wp\/v2\/product_cat?post=2537"},{"taxonomy":"product_tag","embeddable":true,"href":"https:\/\/fspirits.com\/fr\/wp-json\/wp\/v2\/product_tag?post=2537"}],"curies":[{"name":"wp","href":"https:\/\/api.w.org\/{rel}","templated":true}]}}