{"id":717,"date":"2022-11-08T21:20:57","date_gmt":"2022-11-08T19:20:57","guid":{"rendered":"https:\/\/eradio.fspirits.com\/?post_type=product&#038;p=717"},"modified":"2023-05-21T23:07:23","modified_gmt":"2023-05-21T20:07:23","slug":"radio-web-xl","status":"publish","type":"product","link":"https:\/\/fspirits.com\/es\/product\/web-radio-xl\/","title":{"rendered":"Azuracast Web Radio XL - Transmite m\u00fasica y audio con facilidad"},"content":{"rendered":"<p>La Web Radio XL Azuracast es una soluci\u00f3n de streaming potente y fiable para emisoras de radio de todos los tama\u00f1os. Es un paquete completo que incluye un servidor de streaming basado en web, un reproductor de radio basado en web y un sistema de gesti\u00f3n de radio basado en web. El servidor funciona con el software de c\u00f3digo abierto Azuracast, dise\u00f1ado para ser f\u00e1cil de usar y muy fiable. El reproductor de radio es un reproductor HTML5 personalizado, optimizado para dispositivos m\u00f3viles y que ofrece una gran experiencia de escucha. El sistema de gesti\u00f3n de radio le permite administrar f\u00e1cilmente su emisora, incluyendo la programaci\u00f3n, la gesti\u00f3n de listas de reproducci\u00f3n y mucho m\u00e1s.<\/p>\n<p>La Web Radio XL Azuracast est\u00e1 dise\u00f1ada para ser f\u00e1cil de configurar y utilizar. Incluye una completa gu\u00eda del usuario y un equipo de asistencia que le ayudar\u00e1 a empezar. El servidor puede transmitir audio en varios formatos, como MP3, AAC y Ogg Vorbis. Tambi\u00e9n es compatible con varios protocolos de transmisi\u00f3n, como Icecast, Shoutcast y RTMP. El servidor tambi\u00e9n es capaz de transmitir v\u00eddeo en m\u00faltiples formatos, incluyendo H.264, VP8 y VP9.<\/p>\n<p>El reproductor de radio est\u00e1 dise\u00f1ado para ser f\u00e1cil de usar y proporciona una gran experiencia auditiva. Es compatible con varios formatos de audio, como MP3, AAC y Ogg Vorbis. Tambi\u00e9n admite varios protocolos de transmisi\u00f3n, como Icecast, Shoutcast y RTMP. El reproductor tambi\u00e9n admite varios formatos de v\u00eddeo, como H.264, VP8 y VP9.<\/p>\n<p>El sistema de gesti\u00f3n de radio le permite gestionar f\u00e1cilmente su emisora, incluida la programaci\u00f3n, la gesti\u00f3n de listas de reproducci\u00f3n y mucho m\u00e1s. Tambi\u00e9n proporciona an\u00e1lisis e informes detallados, para que puedas seguir el rendimiento de tu emisora. El sistema tambi\u00e9n est\u00e1 integrado con las redes sociales, para que puedas compartir f\u00e1cilmente tu emisora con tus seguidores.<\/p>\n<p>La Web Radio XL Azuracast es una soluci\u00f3n de streaming potente y fiable para emisoras de radio de todos los tama\u00f1os. Es f\u00e1cil de configurar y utilizar, y proporciona una gran experiencia de escucha. El sistema de gesti\u00f3n de radio le permite administrar f\u00e1cilmente su emisora, y los an\u00e1lisis e informes detallados proporcionan informaci\u00f3n valiosa sobre el rendimiento de su emisora.<\/p>","protected":false},"excerpt":{"rendered":"<p>Suscr\u00edbase ahora a la radio web m\u00e1s avanzada y asequible - Web Radio XL con todas las funciones que siempre quiso basada en el Proyecto Azuracast y obtenga...<\/p>\n<p>\u221a Transmite a la m\u00e1xima velocidad posible de 320 Kbps.<br \/>\n\u221a 99% Disponibilidad en Internet<br \/>\n\u221a Listas de reproducci\u00f3n y programaci\u00f3n. Crea tus listas de reproducci\u00f3n y deja que tu m\u00fasica suene sin interrupciones.<br \/>\n\u221a Auto Dj y Web Dj. Deja que tu m\u00fasica suene 24\/7 sin interrupci\u00f3n tanto si est\u00e1s retransmitiendo como si no.<br \/>\n\u221a Integre su radio en cualquier blog o sitio web con unos pocos clics independientemente del CMS utilizado. (Wordpress, Joomla, Drupal, etc.)<br \/>\n\u221a P\u00e1gina de difusi\u00f3n ya preparada con su propio logotipo y fondo.<\/p>","protected":false},"featured_media":711,"template":"","meta":[],"product_brand":[],"product_cat":[21],"product_tag":[27,416,417,427,420,426,431,430,418,419],"class_list":{"0":"post-717","1":"product","2":"type-product","3":"status-publish","4":"has-post-thumbnail","6":"product_cat-web-radio-packages","7":"product_tag-azuracast","8":"product_tag-internet-radio","9":"product_tag-online-radio","10":"product_tag-radio-automation","11":"product_tag-radio-broadcasting","12":"product_tag-radio-hosting","13":"product_tag-radio-management","14":"product_tag-radio-streaming","15":"product_tag-streaming-radio","16":"product_tag-web-radio","18":"first","19":"instock","20":"sale","21":"virtual","22":"purchasable","23":"product-type-subscription"},"_links":{"self":[{"href":"https:\/\/fspirits.com\/es\/wp-json\/wp\/v2\/product\/717","targetHints":{"allow":["GET"]}}],"collection":[{"href":"https:\/\/fspirits.com\/es\/wp-json\/wp\/v2\/product"}],"about":[{"href":"https:\/\/fspirits.com\/es\/wp-json\/wp\/v2\/types\/product"}],"version-history":[{"count":0,"href":"https:\/\/fspirits.com\/es\/wp-json\/wp\/v2\/product\/717\/revisions"}],"wp:featuredmedia":[{"embeddable":true,"href":"https:\/\/fspirits.com\/es\/wp-json\/wp\/v2\/media\/711"}],"wp:attachment":[{"href":"https:\/\/fspirits.com\/es\/wp-json\/wp\/v2\/media?parent=717"}],"wp:term":[{"taxonomy":"product_brand","embeddable":true,"href":"https:\/\/fspirits.com\/es\/wp-json\/wp\/v2\/product_brand?post=717"},{"taxonomy":"product_cat","embeddable":true,"href":"https:\/\/fspirits.com\/es\/wp-json\/wp\/v2\/product_cat?post=717"},{"taxonomy":"product_tag","embeddable":true,"href":"https:\/\/fspirits.com\/es\/wp-json\/wp\/v2\/product_tag?post=717"}],"curies":[{"name":"wp","href":"https:\/\/api.w.org\/{rel}","templated":true}]}}