{"id":6056,"date":"2023-09-07T15:30:39","date_gmt":"2023-09-07T12:30:39","guid":{"rendered":"https:\/\/fspirits.com\/?post_type=product&#038;p=6056"},"modified":"2023-09-07T15:36:07","modified_gmt":"2023-09-07T12:36:07","slug":"experto-en-eliminar-fondo-de-imagenes-y-retocar-fotoshop","status":"publish","type":"product","link":"https:\/\/fspirits.com\/es\/product\/expert-bulk-background-removal-from-images-and-photoshop-retouching\/","title":{"rendered":"Expertos en eliminaci\u00f3n masiva de fondos de im\u00e1genes y retoque en Photoshop"},"content":{"rendered":"<p>\u00bfTienes una pila de im\u00e1genes que necesitan una eliminaci\u00f3n de fondo y un retoque profesional para que brillen? No busques m\u00e1s. Estoy aqu\u00ed para ofrecer servicios de primer nivel para la eliminaci\u00f3n masiva de im\u00e1genes de fondo y retoque en Photoshop, asegurando que sus im\u00e1genes sean impecables y est\u00e9n listas para impresionar.<\/p>\n<p><strong>Qu\u00e9 incluye:<\/strong><\/p>\n<p>\ud83c\udf1f <strong>Eliminaci\u00f3n masiva de im\u00e1genes de fondo<\/strong>: Ya sean fotos de productos, retratos o cualquier otro tipo de im\u00e1genes, puedo eliminar fondos de m\u00faltiples im\u00e1genes de forma experta, eficiente y precisa. Desp\u00eddete de los fondos que distraen y da la bienvenida a sujetos limpios y aislados.<\/p>\n<p>\ud83c\udfa8 <strong>Retoque en Photoshop<\/strong>: Sus im\u00e1genes recibir\u00e1n el tratamiento real que se merecen. Desde la correcci\u00f3n del color y la eliminaci\u00f3n de manchas hasta el suavizado de la piel y la mejora de objetos, transformar\u00e9 tus fotos en im\u00e1genes impresionantes dignas de revistas.<\/p>\n<p>\ud83d\uddbc\ufe0f <strong>Edici\u00f3n personalizada<\/strong>: Cada imagen es \u00fanica, y tambi\u00e9n lo son sus necesidades de edici\u00f3n. Adapto mis retoques en Photoshop a sus necesidades espec\u00edficas y al estilo que desee.<\/p>\n<p>\ud83d\udd04 <strong>Revisiones ilimitadas<\/strong>: Su satisfacci\u00f3n es primordial. Ofrezco revisiones ilimitadas para asegurar que el resultado final se alinea perfectamente con su visi\u00f3n.<\/p>\n<p>\u23f0 <strong>Entrega r\u00e1pida<\/strong>: El tiempo es oro. Lo entiendo, y me comprometo a entregarte tus im\u00e1genes editadas puntualmente, incluso para grandes lotes.<\/p>\n<p>\ud83d\udcbc <strong>Descuentos por volumen<\/strong>: Ahorre a lo grande con tarifas competitivas para pedidos al por mayor. Cuantas m\u00e1s im\u00e1genes tenga, m\u00e1s ahorrar\u00e1.<\/p>\n<p>\ud83d\udd10 <strong>Confidencialidad<\/strong>: Tenga la seguridad de que sus im\u00e1genes e informaci\u00f3n se tratan con la m\u00e1xima confidencialidad y seguridad.<\/p>\n<p>\ud83d\udcf7 <strong>Tipos de im\u00e1genes<\/strong>: Tengo experiencia en trabajar con varios tipos de im\u00e1genes, como im\u00e1genes de productos de comercio electr\u00f3nico, fotos de moda, fotos de bienes ra\u00edces, y m\u00e1s.<\/p>\n<p>Si usted es due\u00f1o de un negocio, fot\u00f3grafo o vendedor, mis servicios le ayudar\u00e1n a lograr im\u00e1genes pulidas y profesionales que lo distinguen de la competencia.<\/p>\n<p>Desp\u00eddase de los quebraderos de cabeza que supone editar im\u00e1genes una a una y conf\u00ede sus necesidades de eliminaci\u00f3n masiva de im\u00e1genes de fondo y retoque en Photoshop a un profesional experimentado. Colaboremos para que tus im\u00e1genes destaquen y dejen una impresi\u00f3n duradera.<\/p>\n<p>No espere m\u00e1s para elevar su contenido visual. Ponte en contacto conmigo hoy mismo para empezar a transformar tus im\u00e1genes en impresionantes obras maestras.<\/p>\n<p>#Eliminaci\u00f3nDeFondos 1TP5RetoqueFotoshop 1TP5Edici\u00f3nDeIm\u00e1genes 1TP5Edici\u00f3nDeBolsas 1TP5RetoqueProfesional 1TP5Dise\u00f1oGr\u00e1fico<\/p>","protected":false},"excerpt":{"rendered":"<p>\u00bfTiene un gran n\u00famero de im\u00e1genes que requieren la eliminaci\u00f3n del fondo y retoques profesionales en Photoshop para que tengan un aspecto impecable? No busque m\u00e1s. Nos especializamos en proporcionar servicios de primer nivel para la eliminaci\u00f3n masiva de im\u00e1genes de fondo y retoque de Photoshop para asegurar que sus im\u00e1genes se pulen a la perfecci\u00f3n.<\/p>","protected":false},"featured_media":6060,"template":"","meta":[],"product_brand":[],"product_cat":[49],"product_tag":[1501,1486,1495,1499,1488,1494,1497,1498,483,1504,1500,1493,1490,1502,1503,1487,1492,1491,1489,1496],"class_list":{"0":"post-6056","1":"product","2":"type-product","3":"status-publish","4":"has-post-thumbnail","6":"product_cat-webservices","7":"product_tag-artistic-editing","8":"product_tag-background-removal","9":"product_tag-blemish-removal","10":"product_tag-bulk-discounts","11":"product_tag-bulk-image-editing","12":"product_tag-color-correction","13":"product_tag-customized-editing","14":"product_tag-fast-delivery","15":"product_tag-graphic-design","16":"product_tag-high-quality-editing","17":"product_tag-image-enhancement","18":"product_tag-object-isolation","19":"product_tag-object-removal","20":"product_tag-photo-manipulation","21":"product_tag-photo-restoration","22":"product_tag-photoshop-editing","23":"product_tag-portrait-retouching","24":"product_tag-product-photography","25":"product_tag-professional-retouching","26":"product_tag-skin-smoothing","28":"first","29":"instock","30":"sale","31":"shipping-taxable","32":"purchasable","33":"product-type-variable"},"_links":{"self":[{"href":"https:\/\/fspirits.com\/es\/wp-json\/wp\/v2\/product\/6056","targetHints":{"allow":["GET"]}}],"collection":[{"href":"https:\/\/fspirits.com\/es\/wp-json\/wp\/v2\/product"}],"about":[{"href":"https:\/\/fspirits.com\/es\/wp-json\/wp\/v2\/types\/product"}],"version-history":[{"count":0,"href":"https:\/\/fspirits.com\/es\/wp-json\/wp\/v2\/product\/6056\/revisions"}],"wp:featuredmedia":[{"embeddable":true,"href":"https:\/\/fspirits.com\/es\/wp-json\/wp\/v2\/media\/6060"}],"wp:attachment":[{"href":"https:\/\/fspirits.com\/es\/wp-json\/wp\/v2\/media?parent=6056"}],"wp:term":[{"taxonomy":"product_brand","embeddable":true,"href":"https:\/\/fspirits.com\/es\/wp-json\/wp\/v2\/product_brand?post=6056"},{"taxonomy":"product_cat","embeddable":true,"href":"https:\/\/fspirits.com\/es\/wp-json\/wp\/v2\/product_cat?post=6056"},{"taxonomy":"product_tag","embeddable":true,"href":"https:\/\/fspirits.com\/es\/wp-json\/wp\/v2\/product_tag?post=6056"}],"curies":[{"name":"wp","href":"https:\/\/api.w.org\/{rel}","templated":true}]}}