{"id":3321,"date":"2023-05-22T21:37:34","date_gmt":"2023-05-22T18:37:34","guid":{"rendered":"https:\/\/fspirits.com\/?post_type=product&#038;p=3321"},"modified":"2023-05-22T21:37:35","modified_gmt":"2023-05-22T18:37:35","slug":"google-adwords-campana","status":"publish","type":"product","link":"https:\/\/fspirits.com\/es\/product\/google-adwords-campaign\/","title":{"rendered":"Gesti\u00f3n de campa\u00f1as de Google Adwords: Servicios profesionales para su empresa"},"content":{"rendered":"<p>El servicio de campa\u00f1as de Google Adwords es una potente herramienta de publicidad online que ayuda a las empresas a llegar a su p\u00fablico objetivo y a aumentar su visibilidad en la Web. Con Google Adwords, las empresas pueden crear campa\u00f1as espec\u00edficas adaptadas a sus necesidades y objetivos concretos.<\/p>\n<p>El servicio de campa\u00f1as Google Adwords permite a las empresas crear anuncios que se muestran en las p\u00e1ginas de resultados de b\u00fasqueda de Google, as\u00ed como en otros sitios web que forman parte de la Red de Display de Google. Los anuncios se pueden orientar a ubicaciones geogr\u00e1ficas, datos demogr\u00e1ficos e intereses espec\u00edficos. Las empresas tambi\u00e9n pueden establecer un presupuesto para sus campa\u00f1as y realizar un seguimiento de su rendimiento en tiempo real.<\/p>\n<p>El servicio de campa\u00f1as de Google Adwords proporciona a las empresas diversas herramientas que les ayudan a crear campa\u00f1as eficaces. Las empresas pueden utilizar el planificador de palabras clave para investigar y seleccionar las mejores palabras clave para sus campa\u00f1as. Tambi\u00e9n pueden utilizar la herramienta de creaci\u00f3n de anuncios para crear anuncios adaptados a su p\u00fablico objetivo. Adem\u00e1s, las empresas pueden utilizar el informe de rendimiento de anuncios para hacer un seguimiento del rendimiento de sus campa\u00f1as y realizar los ajustes necesarios.<\/p>\n<p>El servicio de campa\u00f1as de Google Adwords tambi\u00e9n proporciona a las empresas acceso a funciones avanzadas como la recomercializaci\u00f3n, que permite a las empresas dirigir anuncios a personas que ya han visitado su sitio web. Adem\u00e1s, las empresas pueden utilizar la funci\u00f3n de seguimiento de conversiones para controlar el \u00e9xito de sus campa\u00f1as y medir el retorno de la inversi\u00f3n.<\/p>\n<p>En general, el servicio de campa\u00f1as de Google Adwords es una potente herramienta que puede ayudar a las empresas a llegar a su p\u00fablico objetivo y a aumentar su visibilidad en Internet. Gracias a sus potentes funciones y herramientas, las empresas pueden crear campa\u00f1as eficaces adaptadas a sus necesidades y objetivos espec\u00edficos.<\/p>","protected":false},"excerpt":{"rendered":"<p>El servicio de campa\u00f1as de Google Adwords es una potente herramienta para que las empresas lleguen a su p\u00fablico objetivo y aumenten su visibilidad en Internet. Permite a las empresas crear y gestionar campa\u00f1as, realizar un seguimiento del rendimiento y optimizar sus campa\u00f1as para obtener el m\u00e1ximo rendimiento de la inversi\u00f3n. Tambi\u00e9n proporciona an\u00e1lisis e informes detallados para ayudar a las empresas a tomar decisiones informadas sobre sus campa\u00f1as.<\/p>","protected":false},"featured_media":4169,"template":"","meta":[],"product_brand":[],"product_cat":[49],"product_tag":[528,526,457,527,523,458,522,525,524,529],"class_list":{"0":"post-3321","1":"product","2":"type-product","3":"status-publish","4":"has-post-thumbnail","6":"product_cat-webservices","7":"product_tag-ad-budgeting","8":"product_tag-ad-copywriting","9":"product_tag-ad-optimization","10":"product_tag-ad-targeting","11":"product_tag-adwords-management","12":"product_tag-conversion-tracking","13":"product_tag-google-ads","14":"product_tag-keyword-research","15":"product_tag-ppc-campaigns","16":"product_tag-roi-analysis","18":"first","19":"instock","20":"sale","21":"virtual","22":"purchasable","23":"product-type-subscription"},"_links":{"self":[{"href":"https:\/\/fspirits.com\/es\/wp-json\/wp\/v2\/product\/3321","targetHints":{"allow":["GET"]}}],"collection":[{"href":"https:\/\/fspirits.com\/es\/wp-json\/wp\/v2\/product"}],"about":[{"href":"https:\/\/fspirits.com\/es\/wp-json\/wp\/v2\/types\/product"}],"version-history":[{"count":0,"href":"https:\/\/fspirits.com\/es\/wp-json\/wp\/v2\/product\/3321\/revisions"}],"wp:featuredmedia":[{"embeddable":true,"href":"https:\/\/fspirits.com\/es\/wp-json\/wp\/v2\/media\/4169"}],"wp:attachment":[{"href":"https:\/\/fspirits.com\/es\/wp-json\/wp\/v2\/media?parent=3321"}],"wp:term":[{"taxonomy":"product_brand","embeddable":true,"href":"https:\/\/fspirits.com\/es\/wp-json\/wp\/v2\/product_brand?post=3321"},{"taxonomy":"product_cat","embeddable":true,"href":"https:\/\/fspirits.com\/es\/wp-json\/wp\/v2\/product_cat?post=3321"},{"taxonomy":"product_tag","embeddable":true,"href":"https:\/\/fspirits.com\/es\/wp-json\/wp\/v2\/product_tag?post=3321"}],"curies":[{"name":"wp","href":"https:\/\/api.w.org\/{rel}","templated":true}]}}