{"id":3300,"date":"2023-02-17T12:32:08","date_gmt":"2023-02-17T10:32:08","guid":{"rendered":"https:\/\/fspirits.com\/?post_type=product&#038;p=3300"},"modified":"2023-05-22T12:55:47","modified_gmt":"2023-05-22T09:55:47","slug":"pegasus-web-app-freelancer","status":"publish","type":"product","link":"https:\/\/fspirits.com\/es\/product\/pegasus-web-app-freelancer\/","title":{"rendered":"Pegasus Web App Freelancer"},"content":{"rendered":"<p>Pegasus Freelancer Web App es la soluci\u00f3n ideal para las empresas y aut\u00f3nomos que se dedican exclusivamente a la prestaci\u00f3n de servicios. Los usuarios pueden acceder a la aplicaci\u00f3n a trav\u00e9s de un navegador web y se encuentra en el extremo opuesto del espectro de los sistemas inform\u00e1ticos tradicionales in situ, ya que ofrece total libertad para acceder a los datos al tiempo que elimina todos los inconvenientes que lastran los ERP tradicionales in situ. La tendencia emergente en el mercado de las aplicaciones inform\u00e1ticas indica la necesidad de la empresa moderna de evitar cualquier tipo de limitaci\u00f3n (en h\/w\/coste\/presencia f\u00edsica) y pasar a soluciones flexibles que favorezcan el libre acceso a los datos a trav\u00e9s de cualquier dispositivo, en cualquier momento y a costes comparativamente m\u00e1s bajos.<\/p>\n<p>A qui\u00e9n va dirigido:<\/p>\n<p>La Web App Pegasus Frelancer est\u00e1 dirigida a todas las empresas y aut\u00f3nomos cuyo \u00fanico objetivo sea la prestaci\u00f3n de servicios y que deseen entrar en la nueva era de las aplicaciones Internet (Web), estableciendo nuevos est\u00e1ndares en la organizaci\u00f3n de sus operaciones diarias. La rapidez, flexibilidad y fiabilidad combinadas con la din\u00e1mica de TESAE en la producci\u00f3n y soporte de software desde hace m\u00e1s de 36 a\u00f1os, garantizan el aumento de la productividad y la mejora del flujo de las operaciones diarias.<\/p>\n<p>Indicativamente dirigido a:<\/p>\n<p>Abogados<br \/>\nM\u00e9dicos<br \/>\nIngenieros<br \/>\nM\u00e9dicos Ingenieros M\u00e9dicos M\u00e9dicos Ingenieros M\u00e9dicos<br \/>\nGimnastas \/ Entrenadores personales<\/p>\n<p>etc.<\/p>\n<p><strong>Ventajas competitivas:<\/strong><\/p>\n<p>#myDATA_ready soluci\u00f3n, armonizada con la directiva de la AADE para la transmisi\u00f3n en l\u00ednea de documentos en tiempo real<br \/>\nActualizaciones en l\u00ednea para estar siempre al d\u00eda y armonizado con los requisitos fiscales u operativos de la realidad moderna<br \/>\nLe ofrecemos el futuro, invierta en herramientas modernas con funciones innovadoras - Sin restricciones de usuarios \/ lugares de trabajo - Al precio m\u00e1s bajo del mercado<br \/>\nPuesta en marcha inmediata, sin largos procedimientos de instalaci\u00f3n - Posibilidad de uso a trav\u00e9s de navegador en cualquier entorno operativo, por ejemplo, linux, mac, windows - Reducci\u00f3n del coste de inversi\u00f3n inicial (TCO-Total Cost of ownership), ya que no tiene requisitos de h\/w ni necesidad de actualizaci\u00f3n continua de sus equipos.<br \/>\nBajo coste de mantenimiento que garantiza el funcionamiento armonioso e ininterrumpido de la aplicaci\u00f3n y la seguridad de sus datos - <a  class=\"btl_autolink_hyperlink\"  href=\"https:\/\/fspirits.com\/go\/fspirits-hosting\/\"    target=\"_blank\">Alojamiento<\/a> en centros de datos propios para su protecci\u00f3n y servicio inmediato.<br \/>\nUso flexible - R\u00e1pida familiarizaci\u00f3n de los usuarios desde los primeros 10 minutos de formaci\u00f3n - Ejecuci\u00f3n instant\u00e1nea de todas las funciones empresariales con unos pocos clics para un flujo de trabajo fluido - Entorno biling\u00fce<br \/>\nAcceso a trav\u00e9s de navegador web 24\/7\/365 mediante PC-Tablet-M\u00f3vil para mantener sus datos al alcance de la mano. La comunicaci\u00f3n directa con clientes y asociados (proveedores\/vendedores) se hace posible y eficiente.<br \/>\nWeb CRM:Llamadas entrantes, programaci\u00f3n de citas con clientes potenciales, etc. -Seguimiento de proveedores -Historial de contactos con posibles clientes.<br \/>\nGesti\u00f3n Comercial Integrada a trav\u00e9s de la Web App de Pegasus Freelancer para la supervisi\u00f3n contable y el cuadro financiero del Negocio ( Clientes \/ Proveedores - Ventas \/ Compras - Almac\u00e9n - Programaci\u00f3n de Cobros \/ Pagos - Gastos - Estad\u00edsticas \/ Informes etc.)<br \/>\nConfiguraci\u00f3n paso a paso: Crea tu propia Web App Pegasus Freelancer en base al desarrollo de tu Negocio agregando m\u00f3dulos. Construye tu sistema inform\u00e1tico en base a las necesidades que surjan de forma segura, sin afectar a las personalizaciones que ya hayas realizado.<br \/>\nExcelente interfaz con Excel para archivos de importaci\u00f3n\/exportaci\u00f3n, como importar datos de otras aplicaciones o importar archivos de facturas de proveedores\/exportar impresiones como fichas financieras - Conexi\u00f3n a impresora pdf para crear facturas electr\u00f3nicas<br \/>\nActualizaci\u00f3n autom\u00e1tica de la tarjeta de cliente\/proveedor a partir del n\u00famero de IVA en l\u00ednea con el SIG - Comunicaci\u00f3n con todos los programas de contabilidad<br \/>\nSIN gastos ocultos - restricci\u00f3n de usuarios y datos<\/p>","protected":false},"excerpt":{"rendered":"<p>Pegasus Freelancer Web App es la soluci\u00f3n ideal para las empresas y aut\u00f3nomos que se dedican exclusivamente a la prestaci\u00f3n de servicios. Los usuarios pueden acceder a la aplicaci\u00f3n a trav\u00e9s de un navegador web y se encuentra en el extremo opuesto del espectro de los sistemas inform\u00e1ticos tradicionales in situ, ya que ofrece total libertad para acceder a los datos al tiempo que elimina todos los inconvenientes que lastran los ERP tradicionales in situ. La tendencia emergente en el mercado de las aplicaciones inform\u00e1ticas indica la necesidad de la empresa moderna de evitar cualquier tipo de limitaci\u00f3n (en h\/w\/coste\/presencia f\u00edsica) y pasar a soluciones flexibles que favorezcan el libre acceso a los datos a trav\u00e9s de cualquier dispositivo, en cualquier momento y a costes comparativamente m\u00e1s bajos.<\/p>","protected":false},"featured_media":3796,"template":"","meta":[],"product_brand":[],"product_cat":[49],"product_tag":[460,461,465,462,459,464,463,468,467,466],"class_list":{"0":"post-3300","1":"product","2":"type-product","3":"status-publish","4":"has-post-thumbnail","6":"product_cat-webservices","7":"product_tag-freelance-web-app","8":"product_tag-pegasus-web-app","9":"product_tag-web-app-coding","10":"product_tag-web-app-design","11":"product_tag-web-app-development","12":"product_tag-web-app-freelancer","13":"product_tag-web-app-programming","14":"product_tag-web-app-projects","15":"product_tag-web-app-services","16":"product_tag-web-app-solutions","18":"first","19":"instock","20":"sale","21":"virtual","22":"purchasable","23":"product-type-subscription"},"_links":{"self":[{"href":"https:\/\/fspirits.com\/es\/wp-json\/wp\/v2\/product\/3300","targetHints":{"allow":["GET"]}}],"collection":[{"href":"https:\/\/fspirits.com\/es\/wp-json\/wp\/v2\/product"}],"about":[{"href":"https:\/\/fspirits.com\/es\/wp-json\/wp\/v2\/types\/product"}],"version-history":[{"count":0,"href":"https:\/\/fspirits.com\/es\/wp-json\/wp\/v2\/product\/3300\/revisions"}],"wp:featuredmedia":[{"embeddable":true,"href":"https:\/\/fspirits.com\/es\/wp-json\/wp\/v2\/media\/3796"}],"wp:attachment":[{"href":"https:\/\/fspirits.com\/es\/wp-json\/wp\/v2\/media?parent=3300"}],"wp:term":[{"taxonomy":"product_brand","embeddable":true,"href":"https:\/\/fspirits.com\/es\/wp-json\/wp\/v2\/product_brand?post=3300"},{"taxonomy":"product_cat","embeddable":true,"href":"https:\/\/fspirits.com\/es\/wp-json\/wp\/v2\/product_cat?post=3300"},{"taxonomy":"product_tag","embeddable":true,"href":"https:\/\/fspirits.com\/es\/wp-json\/wp\/v2\/product_tag?post=3300"}],"curies":[{"name":"wp","href":"https:\/\/api.w.org\/{rel}","templated":true}]}}