{"id":3247,"date":"2023-02-06T21:10:13","date_gmt":"2023-02-06T19:10:13","guid":{"rendered":"https:\/\/fspirits.com\/?post_type=product&#038;p=3247"},"modified":"2023-05-22T13:00:54","modified_gmt":"2023-05-22T10:00:54","slug":"pegasus-web-app-gimnasio","status":"publish","type":"product","link":"https:\/\/fspirits.com\/es\/product\/pegasus-web-app-gym\/","title":{"rendered":"Gimnasio Pegasus Web App"},"content":{"rendered":"<p>Pegasus Web App Gym lleg\u00f3 para cambiar la forma de gestionar el gimnasio y los espacios deportivos y de bienestar modernos.<br \/>\nLe ayuda a gestionar su negocio automatizando sus tareas diarias y creando una experiencia moderna para sus socios. Combina la gesti\u00f3n comercial completa de tu negocio, la interacci\u00f3n con tus socios con reservas de clases\/citas online, pagos, informaci\u00f3n sobre los socios y toda la funcionalidad que necesitas para hacer crecer tu negocio.<br \/>\nCon una excelente referencia de clientes satisfechos, desde peque\u00f1os comerciantes individuales hasta las cadenas m\u00e1s consolidadas, damos el siguiente paso con soluciones web y herramientas modernas que har\u00e1n que sus servicios destaquen.<\/p>\n<p>A qui\u00e9n nos dirigimos:<\/p>\n<p>Pegasus Champion ERP est\u00e1 dirigido a una amplia gama de proveedores de servicios relacionados con el bienestar y el deporte:<\/p>\n<p>Gimnasios<br \/>\nCentros Crossfit<br \/>\nCentros de Fitness Centros de Crossfit Centros de Crossfit Personal-Semi Personal Entrenamiento\/Yoga\/Pilates<br \/>\nEscuelas de danza - Artes marciales<br \/>\nPiscinas<br \/>\nClubes deportivos - Clubes<br \/>\nEst\u00e9tica - Centros de adelgazamiento<br \/>\nSpas<\/p>\n<p><strong>Ventajas competitivas:<\/strong><\/p>\n<p>Soluci\u00f3n #myDATA_ready, armonizada con la directiva de la AADE para el env\u00edo en l\u00ednea de documentos en tiempo real<br \/>\nAplicaci\u00f3n en la nube totalmente receptiva accesible desde cualquier dispositivo (pc - tablet - m\u00f3vil)<br \/>\nSin cuotas por trabajo - Sin limitaci\u00f3n de usuarios \/ salas - Licencia multiusuario<br \/>\nPuesta en marcha inmediata, sin largos procesos de instalaci\u00f3n - Uso flexible - Realice al instante todas las funciones Business con unos pocos clics.<br \/>\nCon\u00e9ctese a todas las aplicaciones Pegasus (por ejemplo, Pegasus Estiasi para la gesti\u00f3n de pedidos, Pegasus Retail para la gesti\u00f3n intensiva del comercio minorista, etc.)<br \/>\nActualizaciones continuas con las \u00faltimas novedades legislativas y fiscales<br \/>\nRed de socios establecida y de \u00e1mbito nacional<br \/>\nCapacidad para controlar eficazmente el acceso mediante la interconexi\u00f3n del sistema de control de acceso con el sistema de entrada y torniquetes.<br \/>\nRegistro autom\u00e1tico de la asistencia de los clientes mediante un sistema automatizado (esc\u00e1ner de c\u00f3digo de barras - tarjetas de socio).<br \/>\nPantalla de cliente con visualizaci\u00f3n de la informaci\u00f3n deseada (Abono activo - Fecha de caducidad - Mensajes personales)<br \/>\nClases en grupo\/Miembros del grupo con gesti\u00f3n de nombres para asistencia\/cancelaciones - Plan de citas para una programaci\u00f3n eficiente de los servicios de Est\u00e9tica\/Bienestar\/Personal<br \/>\nNumerosas estad\u00edsticas e informes para ilustrar el progreso de la empresa - Herramientas modernas<br \/>\nCapacidad de gesti\u00f3n comercial completa para la supervisi\u00f3n contable y la imagen financiera de la empresa con la adici\u00f3n de los m\u00f3dulos correspondientes (almac\u00e9n, proveedores, recibos y gesti\u00f3n de proyectos).<br \/>\nInterfaz f\u00e1cil de usar, incluso para el usuario m\u00e1s novato<br \/>\nDashbord con gr\u00e1ficos para tener una visi\u00f3n completa de la empresa y numerosos informes<br \/>\nEntorno multiling\u00fce (griego - ingl\u00e9s)<br \/>\nReserva en l\u00ednea del sitio , datos de afiliaci\u00f3n (inicio - expiraci\u00f3n de las suscripciones , renovaci\u00f3n de las suscripciones , certificado m\u00e9dico , fotos de los afiliados )<br \/>\nActualizaci\u00f3n autom\u00e1tica de la tarjeta cliente \/ proveedor a partir del n\u00famero de IVA en l\u00ednea con la G.G.P.S.<\/p>","protected":false},"excerpt":{"rendered":"<p>Pegasus Web App Gym lleg\u00f3 para cambiar la forma de gestionar el gimnasio y los espacios deportivos y de bienestar modernos.<br \/>\nLe ayuda a gestionar su negocio automatizando sus tareas diarias y creando una experiencia moderna para sus socios. Combina la gesti\u00f3n comercial completa de tu negocio, la interacci\u00f3n con tus socios con reservas de clases\/citas online, pagos, informaci\u00f3n sobre los socios y toda la funcionalidad que necesitas para hacer crecer tu negocio.<\/p>","protected":false},"featured_media":3250,"template":"","meta":[],"product_brand":[],"product_cat":[49],"product_tag":[477,469,471,475,478,474,476,472,473,470],"class_list":{"0":"post-3247","1":"product","2":"type-product","3":"status-publish","4":"has-post-thumbnail","6":"product_cat-webservices","7":"product_tag-cardio","8":"product_tag-exercise","9":"product_tag-fitness","10":"product_tag-gym","11":"product_tag-health","12":"product_tag-pegasus","13":"product_tag-strength","14":"product_tag-training","15":"product_tag-web-app","16":"product_tag-workout","18":"first","19":"instock","20":"sale","21":"virtual","22":"purchasable","23":"product-type-subscription"},"_links":{"self":[{"href":"https:\/\/fspirits.com\/es\/wp-json\/wp\/v2\/product\/3247","targetHints":{"allow":["GET"]}}],"collection":[{"href":"https:\/\/fspirits.com\/es\/wp-json\/wp\/v2\/product"}],"about":[{"href":"https:\/\/fspirits.com\/es\/wp-json\/wp\/v2\/types\/product"}],"version-history":[{"count":0,"href":"https:\/\/fspirits.com\/es\/wp-json\/wp\/v2\/product\/3247\/revisions"}],"wp:featuredmedia":[{"embeddable":true,"href":"https:\/\/fspirits.com\/es\/wp-json\/wp\/v2\/media\/3250"}],"wp:attachment":[{"href":"https:\/\/fspirits.com\/es\/wp-json\/wp\/v2\/media?parent=3247"}],"wp:term":[{"taxonomy":"product_brand","embeddable":true,"href":"https:\/\/fspirits.com\/es\/wp-json\/wp\/v2\/product_brand?post=3247"},{"taxonomy":"product_cat","embeddable":true,"href":"https:\/\/fspirits.com\/es\/wp-json\/wp\/v2\/product_cat?post=3247"},{"taxonomy":"product_tag","embeddable":true,"href":"https:\/\/fspirits.com\/es\/wp-json\/wp\/v2\/product_tag?post=3247"}],"curies":[{"name":"wp","href":"https:\/\/api.w.org\/{rel}","templated":true}]}}