{"id":3022,"date":"2023-01-19T16:44:20","date_gmt":"2023-01-19T14:44:20","guid":{"rendered":"https:\/\/fspirits.com\/?post_type=product&#038;p=3022"},"modified":"2023-05-22T19:20:41","modified_gmt":"2023-05-22T16:20:41","slug":"pack-completo-de-diseno-web","status":"publish","type":"product","link":"https:\/\/fspirits.com\/es\/product\/web-design-full-pack\/","title":{"rendered":"Pack completo de dise\u00f1o web"},"content":{"rendered":"<p>El paquete Web Design Full incluye todas las tareas siguientes. Por supuesto, con cada paquete, sin coste adicional, obtendr\u00e1 un apoyo real, actualizaciones de contenidos de aprendizaje y nuestra ayuda continua para sacar el m\u00e1ximo provecho de su paquete.<\/p>\n<p>An\u00e1lisis completo y comprensi\u00f3n del objetivo que desea alcanzar.<\/p>\n<p>Asistencia para encontrar el nombre de dominio adecuado si a\u00fan no tiene uno registrado.<\/p>\n<p>Recopilaci\u00f3n de materiales, textos y fotos.<\/p>\n<p>Preparaci\u00f3n del terreno <a  class=\"btl_autolink_hyperlink\"  href=\"https:\/\/fspirits.com\/go\/fspirits-hosting\/\"    target=\"_blank\">alojamiento<\/a> espacio y preprocesamiento para obtener el m\u00e1ximo rendimiento y velocidad.<\/p>\n<p>Teniendo lista toda la informaci\u00f3n anterior, se realiza el dise\u00f1o de su p\u00e1gina, que tambi\u00e9n se prueba en dispositivos m\u00f3viles y especialmente en tel\u00e9fonos m\u00f3viles.<\/p>\n<p>Preparaci\u00f3n de todos los men\u00fas necesarios y dise\u00f1o del logotipo.<\/p>\n<p>Compleci\u00f3n de todas las categor\u00edas y subcategor\u00edas que necesite y representaci\u00f3n de textos y fotos de la forma m\u00e1s impresionante y original.<\/p>\n<p>P\u00e1gina de contacto con formulario automatizado pero siempre visibles sus datos, as\u00ed como vista de mapa especificando su ubicaci\u00f3n geogr\u00e1fica.<\/p>\n<p>A\u00f1ada su paquete y su base de datos a las copias de seguridad diarias automatizadas.<\/p>\n<p>Aprender a a\u00f1adir texto y fotos en caso de que desee utilizar su p\u00e1gina como blog.<\/p>\n<p>Creaci\u00f3n y env\u00edo de datos de gesti\u00f3n FTP.<\/p>\n<p>Creaci\u00f3n y env\u00edo de elementos de gesti\u00f3n de CMS (Joomla, WordPress, Drupal, etc.).<\/p>\n<p>Asistencia t\u00e9cnica completa durante un a\u00f1o.<\/p>\n<p>Acceso a todas las gu\u00edas de administraci\u00f3n y tambi\u00e9n a la formaci\u00f3n en l\u00ednea de Freespirits.<\/p>\n<p>Creaci\u00f3n si no hay p\u00e1gina de Facebook y enlace a su p\u00e1gina. Si lo desea, tambi\u00e9n es posible la entrada autom\u00e1tica de post que generan tr\u00e1fico adicional a su p\u00e1gina.<\/p>\n<p>Configuraci\u00f3n y optimizaci\u00f3n SEO con creaci\u00f3n de sitemaps.<\/p>\n<p>Registro del sitio web en Google Analytics, Google Business y Google Maps.<\/p>\n<p>Tienda electr\u00f3nica integrada con todas las funciones<\/p>\n<p>Posibilidad de actualizar los productos desde el panel de gesti\u00f3n<\/p>\n<p>Posibilidad de actualizar productos mediante archivos csv\/xml<\/p>","protected":false},"excerpt":{"rendered":"<p>El servicio Web Design Full Pack consiste en el dise\u00f1o de una tienda electr\u00f3nica (comercio electr\u00f3nico) o cat\u00e1logo electr\u00f3nico din\u00e1mico, adaptado a sus necesidades espec\u00edficas y a las caracter\u00edsticas de sus productos o servicios a la venta. Cada e-shop que construimos es: est\u00e9ticamente atractiva, funcional y f\u00e1cil de usar tanto para el visitante como para el administrador. Totalmente responsive, por lo que es adaptable por dise\u00f1o para su uso en tel\u00e9fonos m\u00f3viles o tabletas. F\u00e1cilmente actualizable con archivo csv o xml y tambi\u00e9n con configuraci\u00f3n SEO completa para obtener resultados inmediatos. Por supuesto con cada paquete sin cargo adicional obtendr\u00e1 soporte real, actualizaci\u00f3n de contenidos de aprendizaje y nuestra ayuda continua para sacar el m\u00e1ximo provecho de su paquete.<\/p>\n<p>El dise\u00f1o de la tienda electr\u00f3nica se adapta totalmente a las necesidades y requisitos de su empresa. Se tienen en cuenta la identidad corporativa, el estilo est\u00e9tico y los objetivos de su tienda electr\u00f3nica. El dise\u00f1o es atractivo, funcional y f\u00e1cil de usar, ofreciendo una agradable experiencia de compra a sus clientes. Adem\u00e1s, el servicio Web Design Full Pack incluye la instalaci\u00f3n y programaci\u00f3n de todas las extensiones y funciones necesarias para una tienda electr\u00f3nica din\u00e1mica.<\/p>","protected":false},"featured_media":3723,"template":"","meta":[],"product_brand":[],"product_cat":[50],"product_tag":[482,483,481,488,484,485,489,369,480,479],"class_list":{"0":"post-3022","1":"product","2":"type-product","3":"status-publish","4":"has-post-thumbnail","6":"product_cat-web-design","7":"product_tag-css","8":"product_tag-graphic-design","9":"product_tag-html","10":"product_tag-javascript","11":"product_tag-logo-design","12":"product_tag-responsive-design","13":"product_tag-user-interface-design","14":"product_tag-web-design","15":"product_tag-web-development","16":"product_tag-website-design","18":"first","19":"instock","20":"sale","21":"virtual","22":"purchasable","23":"product-type-simple"},"_links":{"self":[{"href":"https:\/\/fspirits.com\/es\/wp-json\/wp\/v2\/product\/3022","targetHints":{"allow":["GET"]}}],"collection":[{"href":"https:\/\/fspirits.com\/es\/wp-json\/wp\/v2\/product"}],"about":[{"href":"https:\/\/fspirits.com\/es\/wp-json\/wp\/v2\/types\/product"}],"version-history":[{"count":0,"href":"https:\/\/fspirits.com\/es\/wp-json\/wp\/v2\/product\/3022\/revisions"}],"wp:featuredmedia":[{"embeddable":true,"href":"https:\/\/fspirits.com\/es\/wp-json\/wp\/v2\/media\/3723"}],"wp:attachment":[{"href":"https:\/\/fspirits.com\/es\/wp-json\/wp\/v2\/media?parent=3022"}],"wp:term":[{"taxonomy":"product_brand","embeddable":true,"href":"https:\/\/fspirits.com\/es\/wp-json\/wp\/v2\/product_brand?post=3022"},{"taxonomy":"product_cat","embeddable":true,"href":"https:\/\/fspirits.com\/es\/wp-json\/wp\/v2\/product_cat?post=3022"},{"taxonomy":"product_tag","embeddable":true,"href":"https:\/\/fspirits.com\/es\/wp-json\/wp\/v2\/product_tag?post=3022"}],"curies":[{"name":"wp","href":"https:\/\/api.w.org\/{rel}","templated":true}]}}