{"id":1977,"date":"2023-01-09T21:17:42","date_gmt":"2023-01-09T19:17:42","guid":{"rendered":"https:\/\/recreate.fspirits.com\/?post_type=product&#038;p=1977"},"modified":"2023-05-22T22:40:25","modified_gmt":"2023-05-22T19:40:25","slug":"alojamiento-web-j","status":"publish","type":"product","link":"https:\/\/fspirits.com\/es\/product\/web-hosting-j\/","title":{"rendered":"Alojamiento web J"},"content":{"rendered":"<p>Posibilidades \u00fanicas y grandes prestaciones con la Web <a  class=\"btl_autolink_hyperlink\"  href=\"https:\/\/fspirits.com\/go\/fspirits-hosting\/\"    target=\"_blank\">Alojamiento<\/a> J.<\/p>\n<p>- Transferencia gratuita de archivos y base de datos de su sitio web existente a freespirits.<br \/>\n- Funciones preinstaladas (Apache, MySQL, PHP, Perl, CGI, servidor de correo, acceso root completo).<br \/>\n- Panel de gesti\u00f3n a trav\u00e9s de CWP7 del programa CMS o Eshop de su elecci\u00f3n.<br \/>\n- Espacio libre para la copia de seguridad autom\u00e1tica de sus archivos y la copia de seguridad diaria de su base de datos.<br \/>\n- 1 GB (Web <a  class=\"btl_autolink_hyperlink\"  href=\"https:\/\/fspirits.com\/go\/fspirits-hosting\/\"    target=\"_blank\">Alojamiento<\/a> J) inmediatamente disponible para sus archivos y la posibilidad de ampliarlo a un paquete mayor si lo solicita.<br \/>\n- Asistencia t\u00e9cnica y asesoramiento gratuitos.<br \/>\n- Estamos cerca de ti para cualquier duda o problema que pueda surgir.<br \/>\n- En freespirits su \u00e9xito es una recompensa para nosotros.<br \/>\n- Capacidad automatizada de copia de seguridad y restauraci\u00f3n.<br \/>\n- Supervisi\u00f3n y actualizaci\u00f3n 24 horas al d\u00eda, 7 d\u00edas a la semana, por correo electr\u00f3nico y SMS.<br \/>\n- Asistencia gratuita 24 horas al d\u00eda, 7 d\u00edas a la semana, a trav\u00e9s de un sistema de tickets.<\/p>\n<hr \/>\n<p><strong>Sin coste adicional<\/strong><br \/>\n- Transferencia de su sitio a un servidor freespirits.<br \/>\n- Restauramos, si existe, una copia de seguridad de su antigua base de datos.<br \/>\n- Todos sus correos electr\u00f3nicos se crean en el nuevo servidor.<br \/>\n- Transferencia de cada buz\u00f3n antiguo a uno nuevo en freespirits.<br \/>\n- Activa la funci\u00f3n de correo web.<br \/>\n- Active la protecci\u00f3n contra spam SPF y las listas de agujeros negros DNS para deshacerse de los molestos correos electr\u00f3nicos.<br \/>\n- Habilite la supervisi\u00f3n de su IP para evitar ser incluido en listas negras por intentos de inyecci\u00f3n de c\u00f3digo o SQL.<br \/>\n- Habilite firewall y mod-security en su paquete para protegerse contra ataques maliciosos.<br \/>\n- Instale y active el certificado de seguridad SSL en su paquete para cifrar los datos de las transacciones.<br \/>\n- A\u00f1ada su paquete a las copias de seguridad diarias automatizadas.<br \/>\n- Crear y enviar datos de gesti\u00f3n FTP.<br \/>\n- Crear y enviar datos de gesti\u00f3n de CMS (Joomla, WordPress, Drupal, etc.).<br \/>\n- Asistencia t\u00e9cnica completa durante todo el tiempo que su servicio est\u00e9 activo.<br \/>\n- Acceso a todas las gu\u00edas de gesti\u00f3n y a la formaci\u00f3n en l\u00ednea freespirits.<\/p>","protected":false},"excerpt":{"rendered":"<p>Consigue la Web econ\u00f3mica <a  class=\"btl_autolink_hyperlink\"  href=\"https:\/\/fspirits.com\/go\/fspirits-hosting\/\"    target=\"_blank\">Alojamiento<\/a> J. una Web fiable, segura y completa <a  class=\"btl_autolink_hyperlink\"  href=\"https:\/\/fspirits.com\/go\/fspirits-hosting\/\"    target=\"_blank\">Alojamiento<\/a> paquete por muy poco dinero. Rendimiento y prestaciones garantizadas bajo potentes servidores que pueden ofrecerte un mont\u00f3n de prestaciones. Con cada paquete le proporcionamos acceso instant\u00e1neo a sus archivos y copia de seguridad diaria de su base de datos. Sin coste adicional transferimos archivos y base de datos desde otro <a  class=\"btl_autolink_hyperlink\"  href=\"https:\/\/fspirits.com\/go\/fspirits-hosting\/\"    target=\"_blank\">alojamiento<\/a> provider or deliver you an installed system on Joomla, Wordpress, Drupal, ZenCart or any other Open Source CMS of your choice.<\/p>\n<p>Adem\u00e1s, nos aseguramos de revisar su instalaci\u00f3n de forma totalmente gratuita para que se beneficie al m\u00e1ximo en t\u00e9rminos de rapidez y seguridad.<br \/>\nEstamos orgullosos de nuestra asistencia y tambi\u00e9n de la disponibilidad de nuestros servicios, que sin duda le encantar\u00e1n.<br \/>\nNo pierda el tiempo con <a  class=\"btl_autolink_hyperlink\"  href=\"https:\/\/fspirits.com\/go\/fspirits-hosting\/\"    target=\"_blank\">alojamiento<\/a> en el que su sitio simplemente existe o incluso rinde por debajo de sus posibilidades.<\/p>\n<p>Ven a freespirits para hacer despegar tu eshop o p\u00e1gina y tambi\u00e9n para hacerla destacar.<\/p>","protected":false},"featured_media":1980,"template":"","meta":[],"product_brand":[],"product_cat":[51],"product_tag":[498,551,550,555,504,552,554,553,491,493],"class_list":{"0":"post-1977","1":"product","2":"type-product","3":"status-publish","4":"has-post-thumbnail","6":"product_cat-web-hosting","7":"product_tag-cloud-hosting","8":"product_tag-dedicated-servers","9":"product_tag-domain-registration","10":"product_tag-email-hosting","11":"product_tag-managed-hosting","12":"product_tag-shared-hosting","13":"product_tag-ssl-certificates","14":"product_tag-vps-hosting","15":"product_tag-website-builder","16":"product_tag-website-hosting","18":"first","19":"instock","20":"sale","21":"virtual","22":"purchasable","23":"product-type-subscription"},"_links":{"self":[{"href":"https:\/\/fspirits.com\/es\/wp-json\/wp\/v2\/product\/1977","targetHints":{"allow":["GET"]}}],"collection":[{"href":"https:\/\/fspirits.com\/es\/wp-json\/wp\/v2\/product"}],"about":[{"href":"https:\/\/fspirits.com\/es\/wp-json\/wp\/v2\/types\/product"}],"version-history":[{"count":0,"href":"https:\/\/fspirits.com\/es\/wp-json\/wp\/v2\/product\/1977\/revisions"}],"wp:featuredmedia":[{"embeddable":true,"href":"https:\/\/fspirits.com\/es\/wp-json\/wp\/v2\/media\/1980"}],"wp:attachment":[{"href":"https:\/\/fspirits.com\/es\/wp-json\/wp\/v2\/media?parent=1977"}],"wp:term":[{"taxonomy":"product_brand","embeddable":true,"href":"https:\/\/fspirits.com\/es\/wp-json\/wp\/v2\/product_brand?post=1977"},{"taxonomy":"product_cat","embeddable":true,"href":"https:\/\/fspirits.com\/es\/wp-json\/wp\/v2\/product_cat?post=1977"},{"taxonomy":"product_tag","embeddable":true,"href":"https:\/\/fspirits.com\/es\/wp-json\/wp\/v2\/product_tag?post=1977"}],"curies":[{"name":"wp","href":"https:\/\/api.w.org\/{rel}","templated":true}]}}