{"id":3322,"date":"2023-05-22T12:38:17","date_gmt":"2023-05-22T09:38:17","guid":{"rendered":"https:\/\/fspirits.com\/?post_type=product&#038;p=3322"},"modified":"2023-05-22T12:49:33","modified_gmt":"2023-05-22T09:49:33","slug":"steigern-sie-ihr-geschaft-mit-professionellen-facebook-werbekampagnen","status":"publish","type":"product","link":"https:\/\/fspirits.com\/de\/product\/boost-your-business-with-professional-facebook-ad-campaign-service\/","title":{"rendered":"Steigern Sie Ihr Gesch\u00e4ft mit professionellem Facebook-Werbekampagnen-Service"},"content":{"rendered":"<p>Facebook Ad Campaign Service ist ein umfassender Service, der Unternehmen bei der Erstellung und Verwaltung erfolgreicher Werbekampagnen auf der weltweit gr\u00f6\u00dften Social-Media-Plattform unterst\u00fctzt. Unser Team aus erfahrenen Fachleuten wird mit Ihnen zusammenarbeiten, um eine ma\u00dfgeschneiderte Strategie zu entwickeln, die Ihren spezifischen Zielen und Vorstellungen entspricht. Wir helfen Ihnen dabei, die richtige Zielgruppe zu identifizieren, \u00fcberzeugende Anzeigentexte zu erstellen und auff\u00e4llige Grafiken zu entwerfen, die die Aufmerksamkeit Ihrer Zielgruppe auf sich ziehen. Au\u00dferdem sorgen wir f\u00fcr die laufende \u00dcberwachung und Optimierung Ihrer Kampagnen, um einen maximalen ROI zu gew\u00e4hrleisten.<\/p>\n<p>Unser Facebook-Werbekampagnen-Service umfasst:<\/p>\n<p>- Identifizierung von Zielgruppen: Wir helfen Ihnen bei der Ermittlung der richtigen Zielgruppe f\u00fcr Ihre Werbekampagnen, indem wir Ihren aktuellen Kundenstamm analysieren und potenzielle Neukunden recherchieren.<\/p>\n<p>- Erstellung von Werbetexten: Unser Team erfahrener Werbetexter erstellt \u00fcberzeugende Anzeigentexte, die die Aufmerksamkeit Ihrer Zielgruppe wecken.<\/p>\n<p>- Visuelle Gestaltung: Unser Team von erfahrenen Designern entwirft auff\u00e4llige Grafiken, mit denen sich Ihre Anzeigen von denen der Konkurrenz abheben.<\/p>\n<p>- Kampagnen-Management: Wir sorgen f\u00fcr die laufende \u00dcberwachung und Optimierung Ihrer Kampagnen, um einen maximalen ROI zu gew\u00e4hrleisten.<\/p>\n<p>- Berichterstattung: Wir erstellen detaillierte Berichte \u00fcber die Leistung Ihrer Kampagnen, damit Sie den Fortschritt verfolgen und fundierte Entscheidungen treffen k\u00f6nnen.<\/p>\n<p>Unser Service f\u00fcr Facebook-Werbekampagnen wurde entwickelt, um Unternehmen jeder Gr\u00f6\u00dfe bei der Erstellung und Verwaltung erfolgreicher Werbekampagnen auf der weltweit gr\u00f6\u00dften Social-Media-Plattform zu unterst\u00fctzen. Mit unserem erfahrenen Team von Fachleuten k\u00f6nnen Sie sicher sein, dass Ihre Kampagnen mit der gr\u00f6\u00dftm\u00f6glichen Sorgfalt und Liebe zum Detail verwaltet werden. Kontaktieren Sie uns noch heute, um mehr dar\u00fcber zu erfahren, wie wir Ihnen helfen k\u00f6nnen, Ihre Ziele zu erreichen.<\/p>","protected":false},"excerpt":{"rendered":"<p>Facebook Ad Campaign Service ist eine umfassende L\u00f6sung f\u00fcr Unternehmen zur Erstellung, Verwaltung und Optimierung ihrer Facebook-Werbekampagnen. Er bietet Tools, um die richtige Zielgruppe anzusprechen, ansprechende Anzeigen zu erstellen, die Leistung zu verfolgen und Kampagnen f\u00fcr einen maximalen ROI zu optimieren.<\/p>","protected":false},"featured_media":4159,"template":"","meta":[],"product_brand":[],"product_cat":[49],"product_tag":[456,457,458,454,451,455,452,405,401,453],"class_list":{"0":"post-3322","1":"product","2":"type-product","3":"status-publish","4":"has-post-thumbnail","6":"product_cat-webservices","7":"product_tag-ad-management","8":"product_tag-ad-optimization","9":"product_tag-conversion-tracking","10":"product_tag-digital-advertising","11":"product_tag-facebook-ads","12":"product_tag-online-advertising","13":"product_tag-paid-ads","14":"product_tag-social-media-advertising","15":"product_tag-social-media-marketing","16":"product_tag-targeted-ads","18":"first","19":"instock","20":"sale","21":"virtual","22":"purchasable","23":"product-type-subscription"},"_links":{"self":[{"href":"https:\/\/fspirits.com\/de\/wp-json\/wp\/v2\/product\/3322","targetHints":{"allow":["GET"]}}],"collection":[{"href":"https:\/\/fspirits.com\/de\/wp-json\/wp\/v2\/product"}],"about":[{"href":"https:\/\/fspirits.com\/de\/wp-json\/wp\/v2\/types\/product"}],"version-history":[{"count":0,"href":"https:\/\/fspirits.com\/de\/wp-json\/wp\/v2\/product\/3322\/revisions"}],"wp:featuredmedia":[{"embeddable":true,"href":"https:\/\/fspirits.com\/de\/wp-json\/wp\/v2\/media\/4159"}],"wp:attachment":[{"href":"https:\/\/fspirits.com\/de\/wp-json\/wp\/v2\/media?parent=3322"}],"wp:term":[{"taxonomy":"product_brand","embeddable":true,"href":"https:\/\/fspirits.com\/de\/wp-json\/wp\/v2\/product_brand?post=3322"},{"taxonomy":"product_cat","embeddable":true,"href":"https:\/\/fspirits.com\/de\/wp-json\/wp\/v2\/product_cat?post=3322"},{"taxonomy":"product_tag","embeddable":true,"href":"https:\/\/fspirits.com\/de\/wp-json\/wp\/v2\/product_tag?post=3322"}],"curies":[{"name":"wp","href":"https:\/\/api.w.org\/{rel}","templated":true}]}}