{"id":1460,"date":"2023-01-03T22:19:21","date_gmt":"2023-01-03T20:19:21","guid":{"rendered":"https:\/\/recreate.fspirits.com\/?post_type=product&#038;p=1460"},"modified":"2024-05-04T19:54:56","modified_gmt":"2024-05-04T16:54:56","slug":"%ce%bc%ce%b5%cf%84%ce%b1%cf%86%ce%bf%cf%81%ce%ac-domain-name","status":"publish","type":"product","link":"https:\/\/fspirits.com\/de\/product\/domain-transfer\/","title":{"rendered":"Dom\u00e4nenname \u00fcbertragen"},"content":{"rendered":"<div id=\"qx-blurb-629\" class=\"qx-element qx-element-blurb\">\n<div class=\"qx-media\">\n<div class=\"qx-media-body\">\n<div class=\"qx-blurb-content\">\n<p>Haben Sie bereits einen registrierten Domainnamen, sind aber mit den dort angebotenen Diensten nicht zufrieden? M\u00f6chten Sie Ihre Domain mit einem unserer Webdesign-Pakete verkn\u00fcpfen? Ihr Domainname ist Ihre Internetadresse und steht in direktem Zusammenhang mit Ihrer pers\u00f6nlichen Website, Ihrer Unternehmenswebsite oder sogar Ihrem Online-Shop. Entscheiden Sie sich f\u00fcr und vertrauen Sie freespirits, \u00fcbertragen Sie die Domain und genie\u00dfen Sie einzigartige kombinierte Dienstleistungen.<\/p>\n<\/div>\n<\/div>\n<\/div>\n<\/div>\n<div id=\"qx-bar-counter-1934\" class=\"qx-element qx-element-bar-counter wow fadeInDown animated animated\" data-wow-delay=\"0.1s\"><\/div>","protected":false},"excerpt":{"rendered":"<p>Was der Dienst umfasst<\/p>\n<p>Suchen Sie nach einem Autorisierungscode, wenn Sie keinen Zugang zu ihm haben<\/p>\n<p>Transferring domain and changing DNS servers if you want to connect to <a  class=\"btl_autolink_hyperlink\"  href=\"https:\/\/fspirits.com\/go\/fspirits-hosting\/\"    target=\"_blank\">Hosting<\/a> Dienstleistung<\/p>\n<p>Aktivierung einer Seite im Aufbau<\/p>\n<p>Statische Seite mit Ihren Angaben, Ihrem Logo und Ihrem Unternehmenstext<\/p>\n<p>Aktivierung von automatischen Benachrichtigungen per E-Mail und SMS vor Ablauf der Frist<\/p>","protected":false},"featured_media":4175,"template":"","meta":[],"product_brand":[],"product_cat":[49],"product_tag":[53,54],"class_list":{"0":"post-1460","1":"product","2":"type-product","3":"status-publish","4":"has-post-thumbnail","6":"product_cat-webservices","7":"product_tag-domain","8":"product_tag-transfer","10":"first","11":"instock","12":"sale","13":"virtual","14":"purchasable","15":"product-type-simple"},"_links":{"self":[{"href":"https:\/\/fspirits.com\/de\/wp-json\/wp\/v2\/product\/1460","targetHints":{"allow":["GET"]}}],"collection":[{"href":"https:\/\/fspirits.com\/de\/wp-json\/wp\/v2\/product"}],"about":[{"href":"https:\/\/fspirits.com\/de\/wp-json\/wp\/v2\/types\/product"}],"version-history":[{"count":0,"href":"https:\/\/fspirits.com\/de\/wp-json\/wp\/v2\/product\/1460\/revisions"}],"wp:featuredmedia":[{"embeddable":true,"href":"https:\/\/fspirits.com\/de\/wp-json\/wp\/v2\/media\/4175"}],"wp:attachment":[{"href":"https:\/\/fspirits.com\/de\/wp-json\/wp\/v2\/media?parent=1460"}],"wp:term":[{"taxonomy":"product_brand","embeddable":true,"href":"https:\/\/fspirits.com\/de\/wp-json\/wp\/v2\/product_brand?post=1460"},{"taxonomy":"product_cat","embeddable":true,"href":"https:\/\/fspirits.com\/de\/wp-json\/wp\/v2\/product_cat?post=1460"},{"taxonomy":"product_tag","embeddable":true,"href":"https:\/\/fspirits.com\/de\/wp-json\/wp\/v2\/product_tag?post=1460"}],"curies":[{"name":"wp","href":"https:\/\/api.w.org\/{rel}","templated":true}]}}